{"id":273,"date":"2014-02-17T10:25:39","date_gmt":"2014-02-17T09:25:39","guid":{"rendered":"https:\/\/www.restaurant-belcastel.com\/?page_id=273"},"modified":"2022-03-04T18:27:52","modified_gmt":"2022-03-04T17:27:52","slug":"activities-relaxation","status":"publish","type":"page","link":"https:\/\/www.fermedebourran.com\/en\/hotel-ferme-de-bourran\/activities-relaxation\/","title":{"rendered":"Around the hotel"},"content":{"rendered":"\n<div class=\"wp-block-columns is-layout-flex wp-container-core-columns-is-layout-9d6595d7 wp-block-columns-is-layout-flex\">\n<div class=\"wp-block-column is-layout-flow wp-block-column-is-layout-flow\">\n<div class=\"wp-block-getwid-images-slider has-arrows-none has-dots-outside has-images-center has-cropped-images\"><div class=\"wp-block-getwid-images-slider__wrapper\" data-effect=\"slide\" data-slides-show=\"1\" data-slides-show-laptop=\"1\" data-slides-show-tablet=\"1\" data-slides-show-mobile=\"1\" data-slides-scroll=\"1\" data-autoplay=\"true\" data-autoplay-speed=\"6000\" data-infinite=\"true\" data-animation-speed=\"800\" data-center-mode=\"false\" data-variable-width=\"false\" data-arrows=\"none\" data-dots=\"outside\" data-spacing=\"none\"><div class=\"wp-block-getwid-images-slider__item\"><figure><img loading=\"lazy\" decoding=\"async\" width=\"1600\" height=\"1200\" src=\"https:\/\/www.restaurant-belcastel.com\/wp-content\/uploads\/2014\/02\/rodez-hotel-ferme-bourran-musee.jpg\" data-id=\"1793\" data-link=\"https:\/\/www.fermedebourran.com\/hotel-la-ferme-de-bourran\/activities-relaxation\/rodez-hotel-ferme-bourran-musee\/\" data-original-link=\"https:\/\/www.restaurant-belcastel.com\/wp-content\/uploads\/2014\/02\/rodez-hotel-ferme-bourran-musee.jpg\" class=\"wp-block-getwid-images-slider__image wp-image-1793\" srcset=\"https:\/\/www.fermedebourran.com\/wp-content\/uploads\/2014\/02\/rodez-hotel-ferme-bourran-musee.jpg 1600w, https:\/\/www.fermedebourran.com\/wp-content\/uploads\/2014\/02\/rodez-hotel-ferme-bourran-musee-300x225.jpg 300w, https:\/\/www.fermedebourran.com\/wp-content\/uploads\/2014\/02\/rodez-hotel-ferme-bourran-musee-1024x768.jpg 1024w\" sizes=\"auto, (max-width: 1600px) 100vw, 1600px\" \/><\/figure><\/div><div class=\"wp-block-getwid-images-slider__item\"><figure><img loading=\"lazy\" decoding=\"async\" width=\"3061\" height=\"2912\" src=\"https:\/\/www.restaurant-belcastel.com\/wp-content\/uploads\/2014\/02\/la-ferme-de-bourran-hotel-4-etoiles-rodez-aveyron.jpg\" alt=\"H\u00f4tel-La-ferme-de-Bourran-4-\u00e9toiles-Rodez-aveyron-Mus\u00e9e-Soulages-jardin-de-nuit-h\u00f4tel-de-charme-boutique-hotel-cath\u00e9drale-de-rodez-rouergue\" data-id=\"1033\" data-link=\"https:\/\/www.fermedebourran.com\/hotel-la-ferme-de-bourran\/ambiance-feutree\/hotel-la-ferme-de-bourran-4-etoiles-rodez-aveyron-musee-soulages-jardin-de-nuit-hotel-de-charme-boutique-hotel-cathedrale-de-rodez-rouergue\/\" data-original-link=\"https:\/\/www.restaurant-belcastel.com\/wp-content\/uploads\/2014\/02\/la-ferme-de-bourran-hotel-4-etoiles-rodez-aveyron.jpg\" class=\"wp-block-getwid-images-slider__image wp-image-1033\" srcset=\"https:\/\/www.fermedebourran.com\/wp-content\/uploads\/2014\/02\/la-ferme-de-bourran-hotel-4-etoiles-rodez-aveyron.jpg 3061w, https:\/\/www.fermedebourran.com\/wp-content\/uploads\/2014\/02\/la-ferme-de-bourran-hotel-4-etoiles-rodez-aveyron-300x285.jpg 300w, https:\/\/www.fermedebourran.com\/wp-content\/uploads\/2014\/02\/la-ferme-de-bourran-hotel-4-etoiles-rodez-aveyron-1024x974.jpg 1024w\" sizes=\"auto, (max-width: 3061px) 100vw, 3061px\" \/><figcaption class=\"wp-block-getwid-images-slider__caption\">H\u00f4tel-La-ferme-de-Bourran-4-\u00e9toiles-Rodez-aveyron-Mus\u00e9e-Soulages-jardin-de-nuit-h\u00f4tel-de-charme-boutique-hotel-cath\u00e9drale-de-rodez-rouergue<\/figcaption><\/figure><\/div><\/div><\/div>\n<\/div>\n\n\n\n<div class=\"wp-block-column is-layout-flow wp-block-column-is-layout-flow\">\n<h3 class=\"wp-block-heading\">PEACE AND RELAXATION<\/h3>\n\n\n\n<p>It is ideal to do business, tourism or revitalise. The hotel stands in contrast with the modern neighborhood downhill. This is a place to wind down, at once urban, discreet, modern and endearing.<\/p>\n\n\n\n<p>Enjoy the terrace and deck chairs, board games, table tennis, badminton, and other outdoor games. Sample food from the room service (created by the owners of <a href=\"https:\/\/www.restaurant-belcastel.com\/en\/restaurant-vieux-pont\/\">the Vieux Pont restaurant in Belcastel<\/a>) or go out and try of one Rodez&#8217;s fine dining houses, such as: Go\u00fbts et Couleurs (1 star Michelin), les jardins de l&#8217;Acropolis (bib gourmand), Isabelle Auguy, Le bowling du Rouergue and many others\u2026<\/p>\n\n\n\n<p>Go sightseeing through the city, its old town center, the cathedral, the Fenaille and Denys Puech museums. Do not miss the brand new, splendid Soulages museum, as well the Bras family brewery where you can take a delicious lunchtime break<\/p>\n\n\n\n<p>You may also want to discover France and Aveyron&#8217;s nicest villages (Belcastel, Conques, Sauveterre de Rouergue etc\u2026), Aubrac, Millau&#8217;s viaduct, Albi\u2026<\/p>\n\n\n\n<div class=\"wp-block-buttons is-layout-flex wp-block-buttons-is-layout-flex\">\n<div class=\"wp-block-button is-style-fill\"><a class=\"wp-block-button__link\" href=\"https:\/\/www.fermedebourran.com\/en\/hotel-ferme-de-bourran\/contact-us-fdb\/\">COntact<\/a><\/div>\n\n\n\n<div class=\"wp-block-button\"><a class=\"wp-block-button__link\" href=\"https:\/\/www.secure-hotel-booking.com\/smart\/Hotel-Ferme-de-Bourran\/2L1E\/en\/\" target=\"_blank\" rel=\"noreferrer noopener\">Book online<\/a><\/div>\n<\/div>\n<\/div>\n<\/div>\n\n\n\n<div class=\"wp-block-getwid-section alignfull getwid-section-content-full-width\"><div class=\"wp-block-getwid-section__wrapper\" style=\"min-height:275px\"><div class=\"wp-block-getwid-section__inner-wrapper\"><div class=\"wp-block-getwid-section__background-holder\"><div class=\"wp-block-getwid-section__background\" style=\"background-image:url('https:\/\/www.restaurant-belcastel.com\/wp-content\/uploads\/2014\/02\/viaduc-hotel-ferme-bourran-rodez.jpg')\"><div class=\"wp-block-getwid-section__background-image-wrapper\"><img decoding=\"async\" class=\"wp-block-getwid-section__background-image\" src=\"https:\/\/www.restaurant-belcastel.com\/wp-content\/uploads\/2014\/02\/viaduc-hotel-ferme-bourran-rodez.jpg\" alt=\"\"\/><\/div><\/div><div class=\"wp-block-getwid-section__foreground\"><\/div><\/div><div class=\"wp-block-getwid-section__content\"><div class=\"wp-block-getwid-section__inner-content\"><\/div><\/div><\/div><\/div><\/div>\n","protected":false},"excerpt":{"rendered":"<p>PEACE AND RELAXATION It is ideal to do business, tourism or revitalise. The hotel stands in contrast with the modern neighborhood downhill. This is a [&hellip;]<\/p>\n","protected":false},"author":1,"featured_media":0,"parent":82,"menu_order":50,"comment_status":"closed","ping_status":"closed","template":"","meta":{"footnotes":""},"class_list":["post-273","page","type-page","status-publish","hentry"],"_links":{"self":[{"href":"https:\/\/www.fermedebourran.com\/en\/wp-json\/wp\/v2\/pages\/273","targetHints":{"allow":["GET"]}}],"collection":[{"href":"https:\/\/www.fermedebourran.com\/en\/wp-json\/wp\/v2\/pages"}],"about":[{"href":"https:\/\/www.fermedebourran.com\/en\/wp-json\/wp\/v2\/types\/page"}],"author":[{"embeddable":true,"href":"https:\/\/www.fermedebourran.com\/en\/wp-json\/wp\/v2\/users\/1"}],"replies":[{"embeddable":true,"href":"https:\/\/www.fermedebourran.com\/en\/wp-json\/wp\/v2\/comments?post=273"}],"version-history":[{"count":5,"href":"https:\/\/www.fermedebourran.com\/en\/wp-json\/wp\/v2\/pages\/273\/revisions"}],"predecessor-version":[{"id":4397,"href":"https:\/\/www.fermedebourran.com\/en\/wp-json\/wp\/v2\/pages\/273\/revisions\/4397"}],"up":[{"embeddable":true,"href":"https:\/\/www.fermedebourran.com\/en\/wp-json\/wp\/v2\/pages\/82"}],"wp:attachment":[{"href":"https:\/\/www.fermedebourran.com\/en\/wp-json\/wp\/v2\/media?parent=273"}],"curies":[{"name":"wp","href":"https:\/\/api.w.org\/{rel}","templated":true}]}}